{"id":6,"date":"2020-03-26T13:07:48","date_gmt":"2020-03-26T13:07:48","guid":{"rendered":"http:\/\/sercedlarodaka.pl\/?page_id=6"},"modified":"2020-11-19T13:54:41","modified_gmt":"2020-11-19T12:54:41","slug":"serce-dla-rodaka","status":"publish","type":"page","link":"https:\/\/sercedlarodaka.pl\/","title":{"rendered":"Serce dla Rodaka"},"content":{"rendered":"<div id=\"pl-6\"  class=\"panel-layout\" ><div id=\"pg-6-0\"  class=\"panel-grid panel-has-style\" ><div class=\"panel-row-style panel-row-style-for-6-0\" ><div id=\"pgc-6-0-0\"  class=\"panel-grid-cell panel-grid-cell-empty\" ><\/div><div id=\"pgc-6-0-1\"  class=\"panel-grid-cell panel-grid-cell-mobile-last\" ><div id=\"panel-6-0-1-0\" class=\"so-panel widget widget_black-studio-tinymce widget_black_studio_tinymce panel-first-child panel-last-child\" data-index=\"0\" ><div class=\"panel-widget-style panel-widget-style-for-6-0-1-0\" ><div class=\"textwidget\"><h3>\u00a0<\/h3>\n<h3 class=\"has-text-align-center\" style=\"text-align: center;\">Og\u00f3lnopolska zbi\u00f3rka \u015bwi\u0105teczna <br \/>na rzecz Polak\u00f3w na Kresach<br \/>\"SERCE DLA RODAKA\"<\/h3>\n<p style=\"text-align: left;\"><!-- \/wp:paragraph --><\/p>\n<p><!-- wp:paragraph {\"align\":\"center\"} --><\/p>\n<h5 class=\"has-text-align-center\" style=\"text-align: center;\">prowadzona przez Fundacj\u0119 Dziedzictwo Kresowe,<br \/>posiadaj\u0105c\u0105 status Organizacji Po\u017cytku Publicznego<br \/>pod patronatem honorowym <br \/>JE abp. Mieczys\u0142awa Mokrzyckiego - Metropolity Lwowskiego<\/h5>\n<p style=\"text-align: center;\"><!-- \/wp:paragraph --><\/p>\n<p><!-- wp:paragraph {\"align\":\"center\"} --><\/p>\n<p>&nbsp;<\/p>\n<\/div><\/div><\/div><\/div><div id=\"pgc-6-0-2\"  class=\"panel-grid-cell panel-grid-cell-empty\" ><\/div><\/div><\/div><div id=\"pg-6-1\"  class=\"panel-grid panel-no-style\" ><div id=\"pgc-6-1-0\"  class=\"panel-grid-cell\" ><div id=\"panel-6-1-0-0\" class=\"so-panel widget widget_sow-button panel-first-child panel-last-child\" data-index=\"1\" ><div class=\"so-widget-sow-button so-widget-sow-button-wire-459a6dddadda\"><div class=\"ow-button-base ow-button-align-center\">\n\t<a href=\"#123\" class=\"ow-icon-placement-left ow-button-hover\" \t\t>\n\t\t<span>\n\t\t\t\n\t\t\tWP\u0141ACAM DAROWIZN\u0118\t\t<\/span>\n\t<\/a>\n<\/div>\n<\/div><\/div><\/div><\/div><div id=\"pg-6-2\"  class=\"panel-grid panel-has-style\" ><div class=\"panel-row-style panel-row-style-for-6-2\" ><div id=\"pgc-6-2-0\"  class=\"panel-grid-cell panel-grid-cell-empty\" ><\/div><div id=\"pgc-6-2-1\"  class=\"panel-grid-cell panel-grid-cell-mobile-last\" ><div id=\"panel-6-2-1-0\" class=\"so-panel widget widget_black-studio-tinymce widget_black_studio_tinymce panel-first-child\" data-index=\"2\" ><div class=\"panel-widget-style panel-widget-style-for-6-2-1-0\" ><div class=\"textwidget\"><p class=\"has-text-align-center\" style=\"margin-bottom: 12pt; text-align: justify;\">Czy przypominasz sobie, jak jeszcze niedawno, w normalnych czasach bez koronawirusa i tych wszystkich dzia\u0142a\u0144 i restrykcji podejmowanych przez ca\u0142y \u015bwiat na rzecz walki z wirusem m\u00f3wiono o trudnej sytuacji naszych Rodak\u00f3w, Polak\u00f3w na Kresach, o ich cz\u0119sto tragicznych sytuacjach \u017cyciowych i o pilnych potrzebach ich wsparcia w podstawowych sferach \u017cycia tj. zakupie \u017cywno\u015bci, \u015brodk\u00f3w higieny, chemii gospodarczej?<\/p>\n<\/div><\/div><\/div><div id=\"panel-6-2-1-1\" class=\"so-panel widget widget_black-studio-tinymce widget_black_studio_tinymce\" data-index=\"3\" ><div class=\"panel-widget-style panel-widget-style-for-6-2-1-1\" ><div class=\"textwidget\"><p class=\"has-text-align-center\" style=\"text-align: justify;\">Przypominasz sobie nasze og\u00f3lnopolskie, coroczne akcje <strong>,,Paczka dla Rodaka\u201d<\/strong> w okresie \u015awi\u0105t Bo\u017cego Narodzenia, dzi\u0119ki kt\u00f3rym Polacy na Kresach mog\u0105 sp\u0119dza\u0107 \u015awi\u0119ta przy bogatszym ni\u017c na co dzie\u0144 stole, o zbieranym przez nas <strong>1% podatku<\/strong>, o naszych kwestach na cmentarzach, w kt\u00f3rych bierze udzia\u0142 kilkuset wolontariuszy z ca\u0142ej Polski?<\/p>\n<p class=\"has-text-align-center\" style=\"margin-bottom: 12pt; text-align: justify;\">\n<\/div><\/div><\/div><div id=\"panel-6-2-1-2\" class=\"so-panel widget widget_black-studio-tinymce widget_black_studio_tinymce panel-last-child\" data-index=\"4\" ><div class=\"panel-widget-style panel-widget-style-for-6-2-1-2\" ><div class=\"textwidget\"><p class=\"has-text-align-center\" style=\"text-align: justify;\">To dzi\u0119ki wsparciu ludzi dobrego serca, kt\u00f3rym bliskie s\u0105 Kresy, i kt\u00f3rzy potrafi\u0105 si\u0119 dzieli\u0107 i wspiera\u0107, dotychczasowe dzia\u0142ania mog\u0142y by\u0107 przez nas realizowane i by\u0107 wsparciem dla naszych Rodak\u00f3w w czasach bez pandemii.<\/p>\n<p class=\"has-text-align-center\" style=\"margin-bottom: 12pt; text-align: justify;\">\n<\/div><\/div><\/div><\/div><div id=\"pgc-6-2-2\"  class=\"panel-grid-cell panel-grid-cell-empty\" ><\/div><\/div><\/div><div id=\"pg-6-3\"  class=\"panel-grid panel-has-style\" ><div class=\"panel-row-style panel-row-style-for-6-3\" ><div id=\"pgc-6-3-0\"  class=\"panel-grid-cell panel-grid-cell-empty\" ><\/div><div id=\"pgc-6-3-1\"  class=\"panel-grid-cell panel-grid-cell-mobile-last\" >     <div id=\"panel-6-3-1-0\" class=\"so-panel widget widget_kadence_simple_image kadence_simple_image panel-first-child panel-last-child\" data-index=\"5\" ><div class=\"panel-widget-style panel-widget-style-for-6-3-1-0\" >    <div class=\"kad_img_upload_widget\">\n                <img src=\"http:\/\/sercedlarodaka.pl\/wp-content\/uploads\/2020\/03\/SDP_banner_1080_5.jpg\" alt=\"\" \/>\n                    <\/div>\n\n    <\/div><\/div>    <\/div><div id=\"pgc-6-3-2\"  class=\"panel-grid-cell panel-grid-cell-empty\" ><\/div><\/div><\/div><div id=\"pg-6-4\"  class=\"panel-grid panel-has-style\" ><div class=\"panel-row-style panel-row-style-for-6-4\" ><div id=\"pgc-6-4-0\"  class=\"panel-grid-cell panel-grid-cell-empty\" ><\/div><div id=\"pgc-6-4-1\"  class=\"panel-grid-cell panel-grid-cell-mobile-last\" ><div id=\"panel-6-4-1-0\" class=\"so-panel widget widget_black-studio-tinymce widget_black_studio_tinymce panel-first-child panel-last-child\" data-index=\"6\" ><div class=\"textwidget\"><p>&nbsp;<\/p>\n<p style=\"text-align: justify;\">Dzisiaj, kiedy pandemia koronawirusa dotar\u0142a do wi\u0119kszo\u015bci pa\u0144stw na \u015bwiecie, nie omija r\u00f3wnie\u017c miast i wsi na Kresach, gdzie mieszkaj\u0105 Polacy.<\/p>\n<p style=\"text-align: justify;\">Niestety, w obliczu tej sytuacji, dostajemy coraz wi\u0119cej sygna\u0142\u00f3w, \u017ce z uwagi na z\u0142y stan gospodarki na Ukrainie, naszym Rodakom zaczyna brakowa\u0107 podstawowych produkt\u00f3w, \u015brodk\u00f3w higieny i nie s\u0105 w stanie zabezpieczy\u0107 zapas\u00f3w potrzebnych lek\u00f3w i \u017cywno\u015bci na czas samoizolacji, b\u0105d\u017a ewentualnej kwarantanny, gdy\u017c ledwo radz\u0105 sobie z prze\u017cyciem z miesi\u0105ca na miesi\u0105c.<\/p>\n<p>&nbsp;<\/p>\n<p><!-- \/wp:paragraph --><\/p>\n<p><!-- wp:paragraph {\"align\":\"center\"} --><\/p>\n<p class=\"has-text-align-center\" style=\"text-align: center;\"><strong>Osoby starsze, cz\u0119sto samotne potrzebuj\u0105 dzi\u015b naszego wsparcia i aktywnej pami\u0119ci.<\/strong><\/p>\n<p style=\"text-align: center;\"><strong><!-- \/wp:paragraph --><\/p>\n<p><!-- wp:paragraph {\"align\":\"center\"} --><\/strong><\/p>\n<p class=\"has-text-align-center\" style=\"text-align: center;\"><strong>To nie\u0142atwy dla nas wszystkich czas, ale to te\u017c czas sprawdzenia naszej wra\u017cliwo\u015bci na drugiego cz\u0142owieka.<\/strong><\/p>\n<p style=\"text-align: center;\"><strong><!-- \/wp:paragraph --><\/p>\n<p><!-- wp:paragraph {\"align\":\"center\"} --><\/strong><\/p>\n<p class=\"has-text-align-center\" style=\"text-align: center;\"><strong>Nie zapomnijmy w tych trudnych czasach o naszych Rodakach na Kresach.<\/strong><\/p>\n<p style=\"text-align: center;\"><!-- \/wp:paragraph --><\/p>\n<p><!-- wp:paragraph {\"align\":\"center\"} --><\/p>\n<p>&nbsp;<\/p>\n<\/div><\/div><\/div><div id=\"pgc-6-4-2\"  class=\"panel-grid-cell panel-grid-cell-empty\" ><\/div><\/div><\/div><div id=\"pg-6-5\"  class=\"panel-grid panel-no-style\" ><div id=\"pgc-6-5-0\"  class=\"panel-grid-cell\" ><div id=\"panel-6-5-0-0\" class=\"so-panel widget widget_sow-button panel-first-child panel-last-child\" data-index=\"7\" ><div class=\"so-widget-sow-button so-widget-sow-button-wire-459a6dddadda\"><div class=\"ow-button-base ow-button-align-center\">\n\t<a href=\"#123\" class=\"ow-icon-placement-left ow-button-hover\" \t\t>\n\t\t<span>\n\t\t\t\n\t\t\tWP\u0141ACAM DAROWIZN\u0118\t\t<\/span>\n\t<\/a>\n<\/div>\n<\/div><\/div><\/div><\/div><div id=\"pg-6-6\"  class=\"panel-grid panel-has-style\" ><div class=\"panel-row-style panel-row-style-for-6-6\" ><div id=\"pgc-6-6-0\"  class=\"panel-grid-cell panel-grid-cell-empty\" ><\/div><div id=\"pgc-6-6-1\"  class=\"panel-grid-cell panel-grid-cell-mobile-last\" ><div id=\"panel-6-6-1-0\" class=\"so-panel widget widget_black-studio-tinymce widget_black_studio_tinymce panel-first-child panel-last-child\" data-index=\"8\" ><div class=\"panel-widget-style panel-widget-style-for-6-6-1-0\" ><div class=\"textwidget\"><p style=\"text-align: center;\"><!-- \/wp:paragraph --><\/p>\n<p><!-- wp:paragraph {\"align\":\"center\"} --><\/p>\n<p style=\"text-align: justify;\">My, ze swojej strony deklarujemy gotowo\u015b\u0107 organizacyjn\u0105 do udzielenia wsparcia potrzebuj\u0105cym Polakom na Kresach. Dysponujemy grup\u0105 kilkudziesi\u0119ciu wolontariuszy, kt\u00f3rzy zakupione przez nas produkty dostarcz\u0105 pod drzwi potrzebuj\u0105cych, zachowuj\u0105c zasady bezpiecze\u0144stwa i dystans minimum 2 m.\u00a0<!-- \/wp:paragraph --><\/p>\n<p><!-- wp:paragraph {\"align\":\"center\"} --><\/p>\n<hr \/>\n<p style=\"text-align: center;\"><!-- \/wp:paragraph --><\/p>\n<p><!-- wp:heading {\"level\":3} --><\/p>\n<h5 style=\"text-align: center;\">Czego potrzebuj\u0105 nasi Rodacy?<\/h5>\n<p style=\"text-align: center;\"><!-- \/wp:heading --><\/p>\n<p><!-- wp:paragraph {\"align\":\"center\"} --><\/p>\n<p style=\"text-align: justify;\">Lek\u00f3w, witamin wzmacniaj\u0105cych uk\u0142ad odporno\u015bciowy oraz \u017cywno\u015bci. \u015arodk\u00f3w higieny oraz p\u0142yn\u00f3w dezynfekuj\u0105cych. Rzeczy, kt\u00f3re pomog\u0105 naszym Rodakom zadba\u0107 o stan zdrowia oraz zabezpieczy\u0107 si\u0119 przed zagro\u017ceniem zara\u017cenia si\u0119 wirusem COVID-19.<\/p>\n<p style=\"text-align: center;\"><!-- \/wp:paragraph --><\/p>\n<p><!-- wp:heading {\"align\":\"center\",\"level\":3} --><\/p>\n<h5 id=\"123\" class=\"has-text-align-center\" style=\"text-align: center;\">Kim s\u0105 odbiorcy?<\/h5>\n<p style=\"text-align: center;\"><!-- \/wp:heading --><\/p>\n<p><!-- wp:paragraph {\"align\":\"center\"} --><\/p>\n<p style=\"text-align: justify;\">Odbiorcami s\u0105 Polacy mieszkaj\u0105cy na Kresach, g\u0142\u00f3wnie osoby starsze i samotne. S\u0105 to w du\u017cym stopniu odbiorcy naszych cyklicznych akcji pomocowych m.in. w okresie \u015bwi\u0105tecznym, kt\u00f3rymi opiekujemy si\u0119 w ramach naszych systemowych projekt\u00f3w pomocowych.<\/p>\n<p>&nbsp;<\/p>\n<p>&nbsp;<\/p>\n<div class=\"fmp-protect-box\" data-post-id=\"6\" data-service-id=\"1\"><div class=\"fmp-loader\"><\/div><div class=\"fmp-status\" data-post-id=\"6\" data-service-id=\"1\"><\/div><form action=\"https:\/\/secure.payu.com\/api\/v2_1\/orders\" method=\"post\"><input type=\"text\" class=\"fmp-donation\" data-post-id=\"6\" data-service-id=\"1\" placeholder=\"Podaj kwot\u0119 darowizny\" value=\"\"><input type=\"text\" class=\"fmp-code\" data-post-id=\"6\" data-service-id=\"1\" placeholder=\"Podaj email\" data-type=\"email\"> <span class=\"fmp-submit\" data-post-id=\"6\" data-service-id=\"1\">WP\u0141ACAM DAROWIZN\u0118<\/span>\r\n<\/form><\/div>\n<p>&nbsp;<\/p>\n<h4 class=\"has-text-align-center\" style=\"text-align: center;\">Dzielenie si\u0119 sercem to pi\u0119kna cecha i szczeg\u00f3lnie teraz mo\u017cemy si\u0119 wykaza\u0107 empati\u0105 i cz\u0142owiecze\u0144stwem!<\/h4>\n<p>&nbsp;<\/p>\n<\/div><\/div><\/div><\/div><div id=\"pgc-6-6-2\"  class=\"panel-grid-cell panel-grid-cell-empty\" ><\/div><\/div><\/div><div id=\"pg-6-7\"  class=\"panel-grid panel-has-style\" ><div class=\"panel-row-style panel-row-style-for-6-7\" ><div id=\"pgc-6-7-0\"  class=\"panel-grid-cell panel-grid-cell-empty\" ><\/div><div id=\"pgc-6-7-1\"  class=\"panel-grid-cell panel-grid-cell-mobile-last\" ><div id=\"panel-6-7-1-0\" class=\"so-panel widget widget_sow-slider panel-first-child panel-last-child\" data-index=\"9\" ><div class=\"so-widget-sow-slider so-widget-sow-slider-default-abf3e628296a\"><div class=\"sow-slider-base \" style=\"display: none\"><ul class=\"sow-slider-images\" data-settings=\"{&quot;pagination&quot;:true,&quot;speed&quot;:800,&quot;timeout&quot;:8000,&quot;paused&quot;:false,&quot;pause_on_hover&quot;:false,&quot;swipe&quot;:true,&quot;nav_always_show_mobile&quot;:&quot;&quot;,&quot;breakpoint&quot;:&quot;780px&quot;}\">\t\t<li class=\"sow-slider-image  sow-slider-image-cover\" style=\"background-image: url(https:\/\/sercedlarodaka.pl\/wp-content\/uploads\/2020\/03\/FB_IMG_1577754366628.jpg)\" >\n\t\t\t\t\t\t\t\t\t<img width=\"1080\" height=\"720\" src=\"https:\/\/sercedlarodaka.pl\/wp-content\/uploads\/2020\/03\/FB_IMG_1577754366628.jpg\" class=\"sow-slider-background-image\" alt=\"\" loading=\"eager\" srcset=\"https:\/\/sercedlarodaka.pl\/wp-content\/uploads\/2020\/03\/FB_IMG_1577754366628.jpg 1080w, https:\/\/sercedlarodaka.pl\/wp-content\/uploads\/2020\/03\/FB_IMG_1577754366628-300x200.jpg 300w, https:\/\/sercedlarodaka.pl\/wp-content\/uploads\/2020\/03\/FB_IMG_1577754366628-1024x683.jpg 1024w, https:\/\/sercedlarodaka.pl\/wp-content\/uploads\/2020\/03\/FB_IMG_1577754366628-768x512.jpg 768w, https:\/\/sercedlarodaka.pl\/wp-content\/uploads\/2020\/03\/FB_IMG_1577754366628-272x182.jpg 272w\" sizes=\"(max-width: 1080px) 100vw, 1080px\" \/>\t\t\t\t\t\t\t\t<\/li>\n\t\t\t\t<li class=\"sow-slider-image  sow-slider-image-cover\" style=\"background-image: url(https:\/\/sercedlarodaka.pl\/wp-content\/uploads\/2020\/03\/FB_IMG_1577754234219.jpg)\" >\n\t\t\t\t\t\t\t\t\t<img width=\"1080\" height=\"718\" src=\"https:\/\/sercedlarodaka.pl\/wp-content\/uploads\/2020\/03\/FB_IMG_1577754234219.jpg\" class=\"sow-slider-background-image\" alt=\"\" loading=\"eager\" srcset=\"https:\/\/sercedlarodaka.pl\/wp-content\/uploads\/2020\/03\/FB_IMG_1577754234219.jpg 1080w, https:\/\/sercedlarodaka.pl\/wp-content\/uploads\/2020\/03\/FB_IMG_1577754234219-300x199.jpg 300w, https:\/\/sercedlarodaka.pl\/wp-content\/uploads\/2020\/03\/FB_IMG_1577754234219-1024x681.jpg 1024w, https:\/\/sercedlarodaka.pl\/wp-content\/uploads\/2020\/03\/FB_IMG_1577754234219-768x511.jpg 768w, https:\/\/sercedlarodaka.pl\/wp-content\/uploads\/2020\/03\/FB_IMG_1577754234219-272x182.jpg 272w\" sizes=\"(max-width: 1080px) 100vw, 1080px\" \/>\t\t\t\t\t\t\t\t<\/li>\n\t\t\t\t<li class=\"sow-slider-image  sow-slider-image-cover\" style=\"background-image: url(https:\/\/sercedlarodaka.pl\/wp-content\/uploads\/2020\/03\/FB_IMG_1577754318653.jpg)\" >\n\t\t\t\t\t\t\t\t\t<img width=\"1080\" height=\"720\" src=\"https:\/\/sercedlarodaka.pl\/wp-content\/uploads\/2020\/03\/FB_IMG_1577754318653.jpg\" class=\"sow-slider-background-image\" alt=\"\" loading=\"eager\" srcset=\"https:\/\/sercedlarodaka.pl\/wp-content\/uploads\/2020\/03\/FB_IMG_1577754318653.jpg 1080w, https:\/\/sercedlarodaka.pl\/wp-content\/uploads\/2020\/03\/FB_IMG_1577754318653-300x200.jpg 300w, https:\/\/sercedlarodaka.pl\/wp-content\/uploads\/2020\/03\/FB_IMG_1577754318653-1024x683.jpg 1024w, https:\/\/sercedlarodaka.pl\/wp-content\/uploads\/2020\/03\/FB_IMG_1577754318653-768x512.jpg 768w, https:\/\/sercedlarodaka.pl\/wp-content\/uploads\/2020\/03\/FB_IMG_1577754318653-272x182.jpg 272w\" sizes=\"(max-width: 1080px) 100vw, 1080px\" \/>\t\t\t\t\t\t\t\t<\/li>\n\t\t\t\t<li class=\"sow-slider-image  sow-slider-image-cover\" style=\"background-image: url(https:\/\/sercedlarodaka.pl\/wp-content\/uploads\/2020\/03\/FB_IMG_1577754350473.jpg)\" >\n\t\t\t\t\t\t\t\t\t<img width=\"1080\" height=\"720\" src=\"https:\/\/sercedlarodaka.pl\/wp-content\/uploads\/2020\/03\/FB_IMG_1577754350473.jpg\" class=\"sow-slider-background-image\" alt=\"\" loading=\"eager\" srcset=\"https:\/\/sercedlarodaka.pl\/wp-content\/uploads\/2020\/03\/FB_IMG_1577754350473.jpg 1080w, https:\/\/sercedlarodaka.pl\/wp-content\/uploads\/2020\/03\/FB_IMG_1577754350473-300x200.jpg 300w, https:\/\/sercedlarodaka.pl\/wp-content\/uploads\/2020\/03\/FB_IMG_1577754350473-1024x683.jpg 1024w, https:\/\/sercedlarodaka.pl\/wp-content\/uploads\/2020\/03\/FB_IMG_1577754350473-768x512.jpg 768w, https:\/\/sercedlarodaka.pl\/wp-content\/uploads\/2020\/03\/FB_IMG_1577754350473-272x182.jpg 272w\" sizes=\"(max-width: 1080px) 100vw, 1080px\" \/>\t\t\t\t\t\t\t\t<\/li>\n\t\t\t\t<li class=\"sow-slider-image  sow-slider-image-cover\" style=\"background-image: url(https:\/\/sercedlarodaka.pl\/wp-content\/uploads\/2020\/03\/20181216_190904-scaled-e1585308744176.jpg)\" >\n\t\t\t\t\t\t\t\t\t<img width=\"1080\" height=\"720\" src=\"https:\/\/sercedlarodaka.pl\/wp-content\/uploads\/2020\/03\/20181216_190904-scaled-e1585308744176.jpg\" class=\"sow-slider-background-image\" alt=\"\" loading=\"eager\" srcset=\"https:\/\/sercedlarodaka.pl\/wp-content\/uploads\/2020\/03\/20181216_190904-scaled-e1585308744176.jpg 1080w, https:\/\/sercedlarodaka.pl\/wp-content\/uploads\/2020\/03\/20181216_190904-scaled-e1585308744176-300x200.jpg 300w, https:\/\/sercedlarodaka.pl\/wp-content\/uploads\/2020\/03\/20181216_190904-scaled-e1585308744176-1024x683.jpg 1024w, https:\/\/sercedlarodaka.pl\/wp-content\/uploads\/2020\/03\/20181216_190904-scaled-e1585308744176-768x512.jpg 768w, https:\/\/sercedlarodaka.pl\/wp-content\/uploads\/2020\/03\/20181216_190904-scaled-e1585308744176-272x182.jpg 272w\" sizes=\"(max-width: 1080px) 100vw, 1080px\" \/>\t\t\t\t\t\t\t\t<\/li>\n\t\t<\/ul>\t\t\t\t<ol class=\"sow-slider-pagination\">\n\t\t\t\t\t\t\t\t\t\t\t<li><a href=\"#\" data-goto=\"0\" aria-label=\"display slide 1\"><\/a><\/li>\n\t\t\t\t\t\t\t\t\t\t\t<li><a href=\"#\" data-goto=\"1\" aria-label=\"display slide 2\"><\/a><\/li>\n\t\t\t\t\t\t\t\t\t\t\t<li><a href=\"#\" data-goto=\"2\" aria-label=\"display slide 3\"><\/a><\/li>\n\t\t\t\t\t\t\t\t\t\t\t<li><a href=\"#\" data-goto=\"3\" aria-label=\"display slide 4\"><\/a><\/li>\n\t\t\t\t\t\t\t\t\t\t\t<li><a href=\"#\" data-goto=\"4\" aria-label=\"display slide 5\"><\/a><\/li>\n\t\t\t\t\t\t\t\t\t<\/ol>\n\n\t\t\t\t<div class=\"sow-slide-nav sow-slide-nav-next\">\n\t\t\t\t\t<a href=\"#\" data-goto=\"next\" aria-label=\"next slide\" data-action=\"next\">\n\t\t\t\t\t\t<em class=\"sow-sld-icon-thin-right\"><\/em>\n\t\t\t\t\t<\/a>\n\t\t\t\t<\/div>\n\n\t\t\t\t<div class=\"sow-slide-nav sow-slide-nav-prev\">\n\t\t\t\t\t<a href=\"#\" data-goto=\"previous\" aria-label=\"previous slide\" data-action=\"prev\">\n\t\t\t\t\t\t<em class=\"sow-sld-icon-thin-left\"><\/em>\n\t\t\t\t\t<\/a>\n\t\t\t\t<\/div>\n\t\t\t\t<\/div><\/div><\/div><\/div><div id=\"pgc-6-7-2\"  class=\"panel-grid-cell panel-grid-cell-empty\" ><\/div><\/div><\/div><div id=\"pg-6-8\"  class=\"panel-grid panel-no-style\" ><div id=\"pgc-6-8-0\"  class=\"panel-grid-cell panel-grid-cell-empty\" ><\/div><div id=\"pgc-6-8-1\"  class=\"panel-grid-cell panel-grid-cell-mobile-last\" ><div id=\"panel-6-8-1-0\" class=\"so-panel widget widget_black-studio-tinymce widget_black_studio_tinymce panel-first-child panel-last-child\" data-index=\"10\" ><div class=\"panel-widget-style panel-widget-style-for-6-8-1-0\" ><div class=\"textwidget\"><p>&nbsp;<\/p>\n<p style=\"text-align: center;\"><a href=\"http:\/\/kresowe.pl\" target=\"_blank\" rel=\"noopener\"><img class=\"aligncenter wp-image-101 size-full\" src=\"http:\/\/sercedlarodaka.pl\/wp-content\/uploads\/2020\/03\/FDK-Logo.png\" alt=\"Logo fundacji\" width=\"288\" height=\"93\" \/><\/a>ul. Nowogrodzka 31<br \/>00-511 Warszawa<br \/>(22) 297-12-62<br \/><a href=\"mailto:biuro@kresowe.pl\">biuro@kresowe.pl<\/a><\/p>\n<\/div><\/div><\/div><\/div><div id=\"pgc-6-8-2\"  class=\"panel-grid-cell panel-grid-cell-empty\" ><\/div><\/div><\/div>","protected":false},"excerpt":{"rendered":"<p>\u00a0 Og\u00f3lnopolska zbi\u00f3rka \u015bwi\u0105teczna na rzecz Polak\u00f3w na Kresach&#8221;SERCE DLA RODAKA&#8221; prowadzona przez Fundacj\u0119 Dziedzictwo Kresowe,posiadaj\u0105c\u0105 status Organizacji Po\u017cytku Publicznegopod patronatem honorowym JE abp. Mieczys\u0142awa Mokrzyckiego &#8211; Metropolity Lwowskiego &nbsp;<\/p>\n","protected":false},"author":1,"featured_media":372,"parent":0,"menu_order":0,"comment_status":"closed","ping_status":"closed","template":"","meta":{"kt_blocks_editor_width":""},"yoast_head":"<!-- This site is optimized with the Yoast SEO plugin v15.9 - https:\/\/yoast.com\/wordpress\/plugins\/seo\/ -->\n<title>Serce dla Rodaka Wsparcie dla Rodak\u00f3w na Wschodzie<\/title>\n<meta name=\"description\" content=\"Serce dla Rodaka. Og\u00f3lnopolska zbi\u00f3rka dla Rodak\u00f3w na Wschodzie. Pomo\u017c im upora\u0107 si\u0119 z koronowirusem. Oka\u017c serce i dobro\u0107.\" \/>\n<meta name=\"robots\" content=\"index, follow, max-snippet:-1, max-image-preview:large, max-video-preview:-1\" \/>\n<link rel=\"canonical\" href=\"https:\/\/sercedlarodaka.pl\/\" \/>\n<meta property=\"og:locale\" content=\"pl_PL\" \/>\n<meta property=\"og:type\" content=\"article\" \/>\n<meta property=\"og:title\" content=\"Serce dla Rodaka\" \/>\n<meta property=\"og:description\" content=\"Wsparcie dla rodak\u00f3w na Wschodzie.\" \/>\n<meta property=\"og:url\" content=\"https:\/\/sercedlarodaka.pl\/\" \/>\n<meta property=\"og:site_name\" content=\"Serce dla Rodaka\" \/>\n<meta property=\"article:modified_time\" content=\"2020-11-19T12:54:41+00:00\" \/>\n<meta property=\"og:image\" content=\"https:\/\/sercedlarodaka.pl\/wp-content\/uploads\/2020\/04\/FB_SerceDlaRodaka_event_2020.jpg\" \/>\n\t<meta property=\"og:image:width\" content=\"1200\" \/>\n\t<meta property=\"og:image:height\" content=\"675\" \/>\n<meta name=\"twitter:card\" content=\"summary_large_image\" \/>\n<meta name=\"twitter:label1\" content=\"Est. reading time\">\n\t<meta name=\"twitter:data1\" content=\"3 minuty\">\n<script type=\"application\/ld+json\" class=\"yoast-schema-graph\">{\"@context\":\"https:\/\/schema.org\",\"@graph\":[{\"@type\":\"WebSite\",\"@id\":\"https:\/\/sercedlarodaka.pl\/#website\",\"url\":\"https:\/\/sercedlarodaka.pl\/\",\"name\":\"Serce dla Rodaka\",\"description\":\"Wsparcie dla rodak\\u00f3w na kresach\",\"potentialAction\":[{\"@type\":\"SearchAction\",\"target\":\"https:\/\/sercedlarodaka.pl\/?s={search_term_string}\",\"query-input\":\"required name=search_term_string\"}],\"inLanguage\":\"pl-PL\"},{\"@type\":\"ImageObject\",\"@id\":\"https:\/\/sercedlarodaka.pl\/#primaryimage\",\"inLanguage\":\"pl-PL\",\"url\":\"https:\/\/sercedlarodaka.pl\/wp-content\/uploads\/2020\/03\/SDP_banner_600x600_5.jpg\",\"width\":600,\"height\":600},{\"@type\":\"WebPage\",\"@id\":\"https:\/\/sercedlarodaka.pl\/#webpage\",\"url\":\"https:\/\/sercedlarodaka.pl\/\",\"name\":\"Serce dla Rodaka Wsparcie dla Rodak\\u00f3w na Wschodzie\",\"isPartOf\":{\"@id\":\"https:\/\/sercedlarodaka.pl\/#website\"},\"primaryImageOfPage\":{\"@id\":\"https:\/\/sercedlarodaka.pl\/#primaryimage\"},\"datePublished\":\"2020-03-26T13:07:48+00:00\",\"dateModified\":\"2020-11-19T12:54:41+00:00\",\"description\":\"Serce dla Rodaka. Og\\u00f3lnopolska zbi\\u00f3rka dla Rodak\\u00f3w na Wschodzie. Pomo\\u017c im upora\\u0107 si\\u0119 z koronowirusem. Oka\\u017c serce i dobro\\u0107.\",\"breadcrumb\":{\"@id\":\"https:\/\/sercedlarodaka.pl\/#breadcrumb\"},\"inLanguage\":\"pl-PL\",\"potentialAction\":[{\"@type\":\"ReadAction\",\"target\":[\"https:\/\/sercedlarodaka.pl\/\"]}]},{\"@type\":\"BreadcrumbList\",\"@id\":\"https:\/\/sercedlarodaka.pl\/#breadcrumb\",\"itemListElement\":[{\"@type\":\"ListItem\",\"position\":1,\"item\":{\"@type\":\"WebPage\",\"@id\":\"https:\/\/sercedlarodaka.pl\/\",\"url\":\"https:\/\/sercedlarodaka.pl\/\",\"name\":\"Strona g\\u0142\\u00f3wna\"}},{\"@type\":\"ListItem\",\"position\":2,\"item\":{\"@type\":\"WebPage\",\"@id\":\"https:\/\/sercedlarodaka.pl\/\",\"url\":\"https:\/\/sercedlarodaka.pl\/\",\"name\":\"Serce dla Rodaka\"}}]}]}<\/script>\n<!-- \/ Yoast SEO plugin. -->","_links":{"self":[{"href":"https:\/\/sercedlarodaka.pl\/index.php?rest_route=\/wp\/v2\/pages\/6"}],"collection":[{"href":"https:\/\/sercedlarodaka.pl\/index.php?rest_route=\/wp\/v2\/pages"}],"about":[{"href":"https:\/\/sercedlarodaka.pl\/index.php?rest_route=\/wp\/v2\/types\/page"}],"author":[{"embeddable":true,"href":"https:\/\/sercedlarodaka.pl\/index.php?rest_route=\/wp\/v2\/users\/1"}],"replies":[{"embeddable":true,"href":"https:\/\/sercedlarodaka.pl\/index.php?rest_route=%2Fwp%2Fv2%2Fcomments&post=6"}],"version-history":[{"count":330,"href":"https:\/\/sercedlarodaka.pl\/index.php?rest_route=\/wp\/v2\/pages\/6\/revisions"}],"predecessor-version":[{"id":411,"href":"https:\/\/sercedlarodaka.pl\/index.php?rest_route=\/wp\/v2\/pages\/6\/revisions\/411"}],"wp:featuredmedia":[{"embeddable":true,"href":"https:\/\/sercedlarodaka.pl\/index.php?rest_route=\/wp\/v2\/media\/372"}],"wp:attachment":[{"href":"https:\/\/sercedlarodaka.pl\/index.php?rest_route=%2Fwp%2Fv2%2Fmedia&parent=6"}],"curies":[{"name":"wp","href":"https:\/\/api.w.org\/{rel}","templated":true}]}}